{"id":13225,"date":"2023-06-12T13:13:41","date_gmt":"2023-06-12T13:13:41","guid":{"rendered":"https:\/\/zmg-argentina.com.ar\/sitio\/?page_id=13225"},"modified":"2025-02-12T14:21:05","modified_gmt":"2025-02-12T14:21:05","slug":"plataformas-de-elevacion","status":"publish","type":"page","link":"https:\/\/zmg-argentina.com.ar\/sitio\/index.php\/plataformas-de-elevacion\/","title":{"rendered":"Plataformas de Elevaci\u00f3n"},"content":{"rendered":"\t\t<div data-elementor-type=\"wp-page\" data-elementor-id=\"13225\" class=\"elementor elementor-13225\">\n\t\t\t\t\t\t<section class=\"elementor-section elementor-top-section elementor-element elementor-element-64da3e1 elementor-section-content-top elementor-section-full_width elementor-section-height-min-height elementor-section-height-default elementor-section-items-middle elementor-invisible\" data-id=\"64da3e1\" data-element_type=\"section\" data-settings=\"{&quot;background_background&quot;:&quot;classic&quot;,&quot;animation&quot;:&quot;zoomInUp&quot;}\">\n\t\t\t\t\t\t\t<div class=\"elementor-background-overlay\"><\/div>\n\t\t\t\t\t\t\t<div class=\"elementor-container elementor-column-gap-no\">\n\t\t\t\t\t<div class=\"elementor-column elementor-col-100 elementor-top-column elementor-element elementor-element-3130177\" data-id=\"3130177\" data-element_type=\"column\">\n\t\t\t<div class=\"elementor-widget-wrap elementor-element-populated\">\n\t\t\t\t\t\t<div class=\"elementor-element elementor-element-899dabb elementor-widget elementor-widget-text-editor\" data-id=\"899dabb\" data-element_type=\"widget\" data-widget_type=\"text-editor.default\">\n\t\t\t\t<div class=\"elementor-widget-container\">\n\t\t\t\t\t\t\t\t\t<p>PLATAFORMAS DE ELEVACI\u00d3N<\/p>\t\t\t\t\t\t\t\t<\/div>\n\t\t\t\t<\/div>\n\t\t\t\t\t<\/div>\n\t\t<\/div>\n\t\t\t\t\t<\/div>\n\t\t<\/section>\n\t\t\t\t<section class=\"elementor-section elementor-inner-section elementor-element elementor-element-4041ce27 elementor-section-content-middle elementor-section-boxed elementor-section-height-default elementor-section-height-default\" data-id=\"4041ce27\" data-element_type=\"section\" data-settings=\"{&quot;background_background&quot;:&quot;classic&quot;}\">\n\t\t\t\t\t\t<div class=\"elementor-container elementor-column-gap-narrow\">\n\t\t\t\t\t<div class=\"elementor-column elementor-col-20 elementor-inner-column elementor-element elementor-element-3641c494 catClass elementor-invisible\" data-id=\"3641c494\" data-element_type=\"column\" data-settings=\"{&quot;background_background&quot;:&quot;classic&quot;,&quot;animation&quot;:&quot;zoomInUp&quot;}\">\n\t\t\t<div class=\"elementor-widget-wrap\">\n\t\t\t\t\t<div class=\"elementor-background-overlay\"><\/div>\n\t\t\t\t\t\t\t<\/div>\n\t\t<\/div>\n\t\t\t\t<div class=\"elementor-column elementor-col-20 elementor-inner-column elementor-element elementor-element-8e039eb catClass elementor-invisible\" data-id=\"8e039eb\" data-element_type=\"column\" data-settings=\"{&quot;background_background&quot;:&quot;classic&quot;,&quot;animation&quot;:&quot;zoomInUp&quot;}\">\n\t\t\t<div class=\"elementor-widget-wrap elementor-element-populated\">\n\t\t\t\t\t<div class=\"elementor-background-overlay\"><\/div>\n\t\t\t\t\t\t<div class=\"elementor-element elementor-element-1741142 elementor-widget elementor-widget-image\" data-id=\"1741142\" data-element_type=\"widget\" data-widget_type=\"image.default\">\n\t\t\t\t<div class=\"elementor-widget-container\">\n\t\t\t\t\t\t\t\t\t\t\t\t\t\t\t<img fetchpriority=\"high\" decoding=\"async\" width=\"979\" height=\"1561\" src=\"https:\/\/zmg-argentina.com.ar\/sitio\/wp-content\/uploads\/2024\/02\/Plataforma-elevadora-articulada-2.png\" class=\"attachment-full size-full wp-image-20279\" alt=\"\" srcset=\"https:\/\/zmg-argentina.com.ar\/sitio\/wp-content\/uploads\/2024\/02\/Plataforma-elevadora-articulada-2.png 979w, https:\/\/zmg-argentina.com.ar\/sitio\/wp-content\/uploads\/2024\/02\/Plataforma-elevadora-articulada-2-188x300.png 188w, https:\/\/zmg-argentina.com.ar\/sitio\/wp-content\/uploads\/2024\/02\/Plataforma-elevadora-articulada-2-642x1024.png 642w, https:\/\/zmg-argentina.com.ar\/sitio\/wp-content\/uploads\/2024\/02\/Plataforma-elevadora-articulada-2-768x1225.png 768w, https:\/\/zmg-argentina.com.ar\/sitio\/wp-content\/uploads\/2024\/02\/Plataforma-elevadora-articulada-2-963x1536.png 963w\" sizes=\"(max-width: 979px) 100vw, 979px\" \/>\t\t\t\t\t\t\t\t\t\t\t\t\t\t\t<\/div>\n\t\t\t\t<\/div>\n\t\t\t\t<div class=\"elementor-element elementor-element-691a3c3 elementor-widget elementor-widget-heading\" data-id=\"691a3c3\" data-element_type=\"widget\" data-widget_type=\"heading.default\">\n\t\t\t\t<div class=\"elementor-widget-container\">\n\t\t\t\t\t<h2 class=\"elementor-heading-title elementor-size-default\">LA20JE (Articulada)\n\n\n<\/h2>\t\t\t\t<\/div>\n\t\t\t\t<\/div>\n\t\t\t\t<div class=\"elementor-element elementor-element-b71801e elementor-widget elementor-widget-text-editor\" data-id=\"b71801e\" data-element_type=\"widget\" data-widget_type=\"text-editor.default\">\n\t\t\t\t<div class=\"elementor-widget-container\">\n\t\t\t\t\t\t\t\t\t<p>Altura m\u00e1xima de trabajo <strong>22.2 m.<\/strong><br \/>Carga nominal <strong>260 kg<\/strong><br \/>Motor <strong>3.3 kW<\/strong><\/p>\t\t\t\t\t\t\t\t<\/div>\n\t\t\t\t<\/div>\n\t\t\t\t<div class=\"elementor-element elementor-element-98e6d8f elementor-align-center elementor-widget elementor-widget-button\" data-id=\"98e6d8f\" data-element_type=\"widget\" data-widget_type=\"button.default\">\n\t\t\t\t<div class=\"elementor-widget-container\">\n\t\t\t\t\t\t\t\t\t<div class=\"elementor-button-wrapper\">\n\t\t\t\t\t<a class=\"elementor-button elementor-button-link elementor-size-xs elementor-animation-pop\" href=\"https:\/\/zmg-argentina.com.ar\/sitio\/index.php\/la20je\">\n\t\t\t\t\t\t<span class=\"elementor-button-content-wrapper\">\n\t\t\t\t\t\t\t\t\t<span class=\"elementor-button-text\">Ver m\u00e1s<\/span>\n\t\t\t\t\t<\/span>\n\t\t\t\t\t<\/a>\n\t\t\t\t<\/div>\n\t\t\t\t\t\t\t\t<\/div>\n\t\t\t\t<\/div>\n\t\t\t\t\t<\/div>\n\t\t<\/div>\n\t\t\t\t<div class=\"elementor-column elementor-col-20 elementor-inner-column elementor-element elementor-element-7faa25b catClass elementor-invisible\" data-id=\"7faa25b\" data-element_type=\"column\" data-settings=\"{&quot;background_background&quot;:&quot;classic&quot;,&quot;animation&quot;:&quot;zoomInUp&quot;}\">\n\t\t\t<div class=\"elementor-widget-wrap elementor-element-populated\">\n\t\t\t\t\t<div class=\"elementor-background-overlay\"><\/div>\n\t\t\t\t\t\t<div class=\"elementor-element elementor-element-6b06806 elementor-widget elementor-widget-image\" data-id=\"6b06806\" data-element_type=\"widget\" data-widget_type=\"image.default\">\n\t\t\t\t<div class=\"elementor-widget-container\">\n\t\t\t\t\t\t\t\t\t\t\t\t\t\t\t<img decoding=\"async\" width=\"1200\" height=\"1558\" src=\"https:\/\/zmg-argentina.com.ar\/sitio\/wp-content\/uploads\/2023\/09\/Tijeras-comp.png\" class=\"attachment-full size-full wp-image-17424\" alt=\"\" srcset=\"https:\/\/zmg-argentina.com.ar\/sitio\/wp-content\/uploads\/2023\/09\/Tijeras-comp.png 1200w, https:\/\/zmg-argentina.com.ar\/sitio\/wp-content\/uploads\/2023\/09\/Tijeras-comp-231x300.png 231w, https:\/\/zmg-argentina.com.ar\/sitio\/wp-content\/uploads\/2023\/09\/Tijeras-comp-789x1024.png 789w, https:\/\/zmg-argentina.com.ar\/sitio\/wp-content\/uploads\/2023\/09\/Tijeras-comp-768x997.png 768w, https:\/\/zmg-argentina.com.ar\/sitio\/wp-content\/uploads\/2023\/09\/Tijeras-comp-1183x1536.png 1183w\" sizes=\"(max-width: 1200px) 100vw, 1200px\" \/>\t\t\t\t\t\t\t\t\t\t\t\t\t\t\t<\/div>\n\t\t\t\t<\/div>\n\t\t\t\t<div class=\"elementor-element elementor-element-7b6278d elementor-widget elementor-widget-heading\" data-id=\"7b6278d\" data-element_type=\"widget\" data-widget_type=\"heading.default\">\n\t\t\t\t<div class=\"elementor-widget-container\">\n\t\t\t\t\t<h2 class=\"elementor-heading-title elementor-size-default\">Tijeras Serie LSC-DH\n\n\n<\/h2>\t\t\t\t<\/div>\n\t\t\t\t<\/div>\n\t\t\t\t<div class=\"elementor-element elementor-element-e614ede elementor-widget elementor-widget-text-editor\" data-id=\"e614ede\" data-element_type=\"widget\" data-widget_type=\"text-editor.default\">\n\t\t\t\t<div class=\"elementor-widget-container\">\n\t\t\t\t\t\t\t\t\t<p>Altura m\u00e1x. de trabajo <strong>De 7.8 a 14 m.<\/strong><br \/>Carga nominal <strong>De 230 a 450 kg<\/strong><br \/>Motor <strong>3.3 &#8211; 4.5 kW<\/strong><\/p>\t\t\t\t\t\t\t\t<\/div>\n\t\t\t\t<\/div>\n\t\t\t\t<div class=\"elementor-element elementor-element-b471205 elementor-align-center elementor-widget elementor-widget-button\" data-id=\"b471205\" data-element_type=\"widget\" data-widget_type=\"button.default\">\n\t\t\t\t<div class=\"elementor-widget-container\">\n\t\t\t\t\t\t\t\t\t<div class=\"elementor-button-wrapper\">\n\t\t\t\t\t<a class=\"elementor-button elementor-button-link elementor-size-xs elementor-animation-pop\" href=\"https:\/\/zmg-argentina.com.ar\/sitio\/index.php\/lsc-dh-serie-tijeras\">\n\t\t\t\t\t\t<span class=\"elementor-button-content-wrapper\">\n\t\t\t\t\t\t\t\t\t<span class=\"elementor-button-text\">Ver m\u00e1s<\/span>\n\t\t\t\t\t<\/span>\n\t\t\t\t\t<\/a>\n\t\t\t\t<\/div>\n\t\t\t\t\t\t\t\t<\/div>\n\t\t\t\t<\/div>\n\t\t\t\t\t<\/div>\n\t\t<\/div>\n\t\t\t\t<div class=\"elementor-column elementor-col-20 elementor-inner-column elementor-element elementor-element-b7c5cd2 catClass elementor-invisible\" data-id=\"b7c5cd2\" data-element_type=\"column\" data-settings=\"{&quot;background_background&quot;:&quot;classic&quot;,&quot;animation&quot;:&quot;zoomInUp&quot;}\">\n\t\t\t<div class=\"elementor-widget-wrap elementor-element-populated\">\n\t\t\t\t\t<div class=\"elementor-background-overlay\"><\/div>\n\t\t\t\t\t\t<div class=\"elementor-element elementor-element-575e121 elementor-widget elementor-widget-image\" data-id=\"575e121\" data-element_type=\"widget\" data-widget_type=\"image.default\">\n\t\t\t\t<div class=\"elementor-widget-container\">\n\t\t\t\t\t\t\t\t\t\t\t\t\t\t\t<img decoding=\"async\" width=\"1200\" height=\"1558\" src=\"https:\/\/zmg-argentina.com.ar\/sitio\/wp-content\/uploads\/2025\/02\/web.png\" class=\"attachment-full size-full wp-image-25915\" alt=\"\" srcset=\"https:\/\/zmg-argentina.com.ar\/sitio\/wp-content\/uploads\/2025\/02\/web.png 1200w, https:\/\/zmg-argentina.com.ar\/sitio\/wp-content\/uploads\/2025\/02\/web-231x300.png 231w, https:\/\/zmg-argentina.com.ar\/sitio\/wp-content\/uploads\/2025\/02\/web-789x1024.png 789w, https:\/\/zmg-argentina.com.ar\/sitio\/wp-content\/uploads\/2025\/02\/web-768x997.png 768w, https:\/\/zmg-argentina.com.ar\/sitio\/wp-content\/uploads\/2025\/02\/web-1183x1536.png 1183w\" sizes=\"(max-width: 1200px) 100vw, 1200px\" \/>\t\t\t\t\t\t\t\t\t\t\t\t\t\t\t<\/div>\n\t\t\t\t<\/div>\n\t\t\t\t<div class=\"elementor-element elementor-element-7ab9413 elementor-widget elementor-widget-heading\" data-id=\"7ab9413\" data-element_type=\"widget\" data-widget_type=\"heading.default\">\n\t\t\t\t<div class=\"elementor-widget-container\">\n\t\t\t\t\t<h4 class=\"elementor-heading-title elementor-size-default\"><p>LS1216HC<\/p>\n<p style=\"font-size:15px;padding-top:15px\">Tijera el\u00e9ctrica sobre orugas<\/p>\n\n<\/h4>\t\t\t\t<\/div>\n\t\t\t\t<\/div>\n\t\t\t\t<div class=\"elementor-element elementor-element-738fe6b elementor-widget elementor-widget-text-editor\" data-id=\"738fe6b\" data-element_type=\"widget\" data-widget_type=\"text-editor.default\">\n\t\t\t\t<div class=\"elementor-widget-container\">\n\t\t\t\t\t\t\t\t\t<p>Altura m\u00e1x. de trabajo <strong>14 m.<\/strong><br \/>Carga nominal <strong>\u00a0320 kg<\/strong><br \/>Motor <strong>48V \/ 10 kW<\/strong><\/p>\t\t\t\t\t\t\t\t<\/div>\n\t\t\t\t<\/div>\n\t\t\t\t<div class=\"elementor-element elementor-element-95cc913 elementor-align-center elementor-widget elementor-widget-button\" data-id=\"95cc913\" data-element_type=\"widget\" data-widget_type=\"button.default\">\n\t\t\t\t<div class=\"elementor-widget-container\">\n\t\t\t\t\t\t\t\t\t<div class=\"elementor-button-wrapper\">\n\t\t\t\t\t<a class=\"elementor-button elementor-button-link elementor-size-xs elementor-animation-pop\" href=\"https:\/\/zmg-argentina.com.ar\/sitio\/?page_id=25914\">\n\t\t\t\t\t\t<span class=\"elementor-button-content-wrapper\">\n\t\t\t\t\t\t\t\t\t<span class=\"elementor-button-text\">Ver m\u00e1s<\/span>\n\t\t\t\t\t<\/span>\n\t\t\t\t\t<\/a>\n\t\t\t\t<\/div>\n\t\t\t\t\t\t\t\t<\/div>\n\t\t\t\t<\/div>\n\t\t\t\t\t<\/div>\n\t\t<\/div>\n\t\t\t\t<div class=\"elementor-column elementor-col-20 elementor-inner-column elementor-element elementor-element-2277c40 catClass elementor-invisible\" data-id=\"2277c40\" data-element_type=\"column\" data-settings=\"{&quot;background_background&quot;:&quot;classic&quot;,&quot;animation&quot;:&quot;zoomInUp&quot;}\">\n\t\t\t<div class=\"elementor-widget-wrap\">\n\t\t\t\t\t<div class=\"elementor-background-overlay\"><\/div>\n\t\t\t\t\t\t\t<\/div>\n\t\t<\/div>\n\t\t\t\t\t<\/div>\n\t\t<\/section>\n\t\t\t\t<\/div>\n\t\t","protected":false},"excerpt":{"rendered":"<p>PLATAFORMAS DE ELEVACI\u00d3N LA20JE (Articulada) Altura m\u00e1xima de trabajo 22.2 m.Carga nominal 260 kgMotor 3.3 kW Ver m\u00e1s Tijeras Serie LSC-DH Altura m\u00e1x. de trabajo De 7.8 a 14 m.Carga nominal De 230 a 450 kgMotor 3.3 &#8211; 4.5 kW Ver m\u00e1s LS1216HC Tijera el\u00e9ctrica sobre orugas Altura m\u00e1x. de trabajo 14 m.Carga nominal \u00a0320 [&hellip;]<\/p>\n","protected":false},"author":1,"featured_media":0,"parent":0,"menu_order":0,"comment_status":"closed","ping_status":"closed","template":"","meta":{"_uag_custom_page_level_css":"","site-sidebar-layout":"no-sidebar","site-content-layout":"page-builder","ast-site-content-layout":"default","site-content-style":"default","site-sidebar-style":"default","ast-global-header-display":"","ast-banner-title-visibility":"","ast-main-header-display":"","ast-hfb-above-header-display":"","ast-hfb-below-header-display":"","ast-hfb-mobile-header-display":"","site-post-title":"disabled","ast-breadcrumbs-content":"","ast-featured-img":"disabled","footer-sml-layout":"","theme-transparent-header-meta":"default","adv-header-id-meta":"","stick-header-meta":"","header-above-stick-meta":"","header-main-stick-meta":"","header-below-stick-meta":"","astra-migrate-meta-layouts":"default","ast-page-background-enabled":"default","ast-page-background-meta":{"desktop":{"background-color":"","background-image":"","background-repeat":"repeat","background-position":"center center","background-size":"auto","background-attachment":"scroll","background-type":"","background-media":"","overlay-type":"","overlay-color":"","overlay-opacity":"","overlay-gradient":""},"tablet":{"background-color":"","background-image":"","background-repeat":"repeat","background-position":"center center","background-size":"auto","background-attachment":"scroll","background-type":"","background-media":"","overlay-type":"","overlay-color":"","overlay-opacity":"","overlay-gradient":""},"mobile":{"background-color":"","background-image":"","background-repeat":"repeat","background-position":"center center","background-size":"auto","background-attachment":"scroll","background-type":"","background-media":"","overlay-type":"","overlay-color":"","overlay-opacity":"","overlay-gradient":""}},"ast-content-background-meta":{"desktop":{"background-color":"var(--ast-global-color-5)","background-image":"","background-repeat":"repeat","background-position":"center center","background-size":"auto","background-attachment":"scroll","background-type":"","background-media":"","overlay-type":"","overlay-color":"","overlay-opacity":"","overlay-gradient":""},"tablet":{"background-color":"var(--ast-global-color-5)","background-image":"","background-repeat":"repeat","background-position":"center center","background-size":"auto","background-attachment":"scroll","background-type":"","background-media":"","overlay-type":"","overlay-color":"","overlay-opacity":"","overlay-gradient":""},"mobile":{"background-color":"var(--ast-global-color-5)","background-image":"","background-repeat":"repeat","background-position":"center center","background-size":"auto","background-attachment":"scroll","background-type":"","background-media":"","overlay-type":"","overlay-color":"","overlay-opacity":"","overlay-gradient":""}},"_joinchat":[],"footnotes":""},"class_list":["post-13225","page","type-page","status-publish","hentry"],"uagb_featured_image_src":{"full":false,"thumbnail":false,"medium":false,"medium_large":false,"large":false,"1536x1536":false,"2048x2048":false},"uagb_author_info":{"display_name":"admin","author_link":"https:\/\/zmg-argentina.com.ar\/sitio\/index.php\/author\/zmgargen\/"},"uagb_comment_info":0,"uagb_excerpt":"PLATAFORMAS DE ELEVACI\u00d3N LA20JE (Articulada) Altura m\u00e1xima de trabajo 22.2 m.Carga nominal 260 kgMotor 3.3 kW Ver m\u00e1s Tijeras Serie LSC-DH Altura m\u00e1x. de trabajo De 7.8 a 14 m.Carga nominal De 230 a 450 kgMotor 3.3 &#8211; 4.5 kW Ver m\u00e1s LS1216HC Tijera el\u00e9ctrica sobre orugas Altura m\u00e1x. de trabajo 14 m.Carga nominal \u00a0320&hellip;","_links":{"self":[{"href":"https:\/\/zmg-argentina.com.ar\/sitio\/index.php\/wp-json\/wp\/v2\/pages\/13225","targetHints":{"allow":["GET"]}}],"collection":[{"href":"https:\/\/zmg-argentina.com.ar\/sitio\/index.php\/wp-json\/wp\/v2\/pages"}],"about":[{"href":"https:\/\/zmg-argentina.com.ar\/sitio\/index.php\/wp-json\/wp\/v2\/types\/page"}],"author":[{"embeddable":true,"href":"https:\/\/zmg-argentina.com.ar\/sitio\/index.php\/wp-json\/wp\/v2\/users\/1"}],"replies":[{"embeddable":true,"href":"https:\/\/zmg-argentina.com.ar\/sitio\/index.php\/wp-json\/wp\/v2\/comments?post=13225"}],"version-history":[{"count":79,"href":"https:\/\/zmg-argentina.com.ar\/sitio\/index.php\/wp-json\/wp\/v2\/pages\/13225\/revisions"}],"predecessor-version":[{"id":25954,"href":"https:\/\/zmg-argentina.com.ar\/sitio\/index.php\/wp-json\/wp\/v2\/pages\/13225\/revisions\/25954"}],"wp:attachment":[{"href":"https:\/\/zmg-argentina.com.ar\/sitio\/index.php\/wp-json\/wp\/v2\/media?parent=13225"}],"curies":[{"name":"wp","href":"https:\/\/api.w.org\/{rel}","templated":true}]}}