{"id":20958,"date":"2024-02-26T20:09:05","date_gmt":"2024-02-26T20:09:05","guid":{"rendered":"https:\/\/zmg-argentina.com.ar\/sitio\/?page_id=20958"},"modified":"2025-01-31T15:19:57","modified_gmt":"2025-01-31T15:19:57","slug":"lifting-mach","status":"publish","type":"page","link":"https:\/\/zmg-argentina.com.ar\/sitio\/index.php\/lifting-mach\/","title":{"rendered":"Liftingmach"},"content":{"rendered":"\t\t<div data-elementor-type=\"wp-page\" data-elementor-id=\"20958\" class=\"elementor elementor-20958\">\n\t\t\t\t\t\t<section class=\"elementor-section elementor-top-section elementor-element elementor-element-d4947ed elementor-section-content-top elementor-section-full_width elementor-section-height-min-height elementor-section-height-default elementor-section-items-middle elementor-invisible\" data-id=\"d4947ed\" data-element_type=\"section\" data-e-type=\"section\" data-settings=\"{&quot;background_background&quot;:&quot;classic&quot;,&quot;animation&quot;:&quot;zoomInUp&quot;}\">\n\t\t\t\t\t\t\t<div class=\"elementor-background-overlay\"><\/div>\n\t\t\t\t\t\t\t<div class=\"elementor-container elementor-column-gap-no\">\n\t\t\t\t\t<div class=\"elementor-column elementor-col-100 elementor-top-column elementor-element elementor-element-81822b5\" data-id=\"81822b5\" data-element_type=\"column\" data-e-type=\"column\">\n\t\t\t<div class=\"elementor-widget-wrap elementor-element-populated\">\n\t\t\t\t\t\t<div class=\"elementor-element elementor-element-f2080bc elementor-widget elementor-widget-heading\" data-id=\"f2080bc\" data-element_type=\"widget\" data-e-type=\"widget\" data-widget_type=\"heading.default\">\n\t\t\t\t<div class=\"elementor-widget-container\">\n\t\t\t\t\t<h2 class=\"elementor-heading-title elementor-size-default\">LIFTINGMACH<\/h2>\t\t\t\t<\/div>\n\t\t\t\t<\/div>\n\t\t\t\t\t<\/div>\n\t\t<\/div>\n\t\t\t\t\t<\/div>\n\t\t<\/section>\n\t\t\t\t<section class=\"elementor-section elementor-top-section elementor-element elementor-element-5bcead9 elementor-section-boxed elementor-section-height-default elementor-section-height-default\" data-id=\"5bcead9\" data-element_type=\"section\" data-e-type=\"section\">\n\t\t\t\t\t\t<div class=\"elementor-container elementor-column-gap-default\">\n\t\t\t\t\t<div class=\"elementor-column elementor-col-100 elementor-top-column elementor-element elementor-element-53e17dd\" data-id=\"53e17dd\" data-element_type=\"column\" data-e-type=\"column\">\n\t\t\t<div class=\"elementor-widget-wrap elementor-element-populated\">\n\t\t\t\t\t\t<section class=\"elementor-section elementor-inner-section elementor-element elementor-element-b679e45 elementor-section-boxed elementor-section-height-default elementor-section-height-default elementor-invisible\" data-id=\"b679e45\" data-element_type=\"section\" data-e-type=\"section\" data-settings=\"{&quot;animation&quot;:&quot;zoomIn&quot;}\">\n\t\t\t\t\t\t<div class=\"elementor-container elementor-column-gap-default\">\n\t\t\t\t\t<div class=\"elementor-column elementor-col-100 elementor-inner-column elementor-element elementor-element-9828655\" data-id=\"9828655\" data-element_type=\"column\" data-e-type=\"column\">\n\t\t\t<div class=\"elementor-widget-wrap elementor-element-populated\">\n\t\t\t\t\t\t<div class=\"elementor-element elementor-element-5d9889f elementor-widget elementor-widget-text-editor\" data-id=\"5d9889f\" data-element_type=\"widget\" data-e-type=\"widget\" data-widget_type=\"text-editor.default\">\n\t\t\t\t<div class=\"elementor-widget-container\">\n\t\t\t\t\t\t\t\t\t<p>\u00danica fabrica de Autoelevadores en Argentina<\/p>\t\t\t\t\t\t\t\t<\/div>\n\t\t\t\t<\/div>\n\t\t\t\t<div class=\"elementor-element elementor-element-1f9924c elementor-widget-divider--view-line elementor-widget elementor-widget-divider\" data-id=\"1f9924c\" data-element_type=\"widget\" data-e-type=\"widget\" data-widget_type=\"divider.default\">\n\t\t\t\t<div class=\"elementor-widget-container\">\n\t\t\t\t\t\t\t<div class=\"elementor-divider\">\n\t\t\t<span class=\"elementor-divider-separator\">\n\t\t\t\t\t\t<\/span>\n\t\t<\/div>\n\t\t\t\t\t\t<\/div>\n\t\t\t\t<\/div>\n\t\t\t\t\t<\/div>\n\t\t<\/div>\n\t\t\t\t\t<\/div>\n\t\t<\/section>\n\t\t\t\t\t<\/div>\n\t\t<\/div>\n\t\t\t\t\t<\/div>\n\t\t<\/section>\n\t\t\t\t<section class=\"elementor-section elementor-top-section elementor-element elementor-element-bc23c15 elementor-section-boxed elementor-section-height-default elementor-section-height-default elementor-invisible\" data-id=\"bc23c15\" data-element_type=\"section\" data-e-type=\"section\" data-settings=\"{&quot;animation&quot;:&quot;zoomInDown&quot;}\">\n\t\t\t\t\t\t<div class=\"elementor-container elementor-column-gap-default\">\n\t\t\t\t\t<div class=\"elementor-column elementor-col-100 elementor-top-column elementor-element elementor-element-b3ed1db\" data-id=\"b3ed1db\" data-element_type=\"column\" data-e-type=\"column\">\n\t\t\t<div class=\"elementor-widget-wrap elementor-element-populated\">\n\t\t\t\t\t\t<div class=\"elementor-element elementor-element-2bbb224 stratum-masonry-gallery-effect-zoom elementor-widget elementor-widget-stratum-masonry-gallery\" data-id=\"2bbb224\" data-element_type=\"widget\" data-e-type=\"widget\" data-widget_type=\"stratum-masonry-gallery.default\">\n\t\t\t\t<div class=\"elementor-widget-container\">\n\t\t\t\t\t<div class=\"stratum-masonry-gallery masonry-grid effect-2\" data-options=\"{&quot;columns&quot;:3,&quot;gutter&quot;:0,&quot;animate&quot;:false}\">\n\n\t<div class=\"grid-sizer masonry-col-3\"><\/div>\n\t\t\t<div class=\"stratum-masonry-gallery__item masonry-item\">\n\t\t\t\t\t\t\t<a data-elementor-open-lightbox=\"default\" data-elementor-lightbox-slideshow=\"gallery-6a010f6c138c1\" href=\"https:\/\/zmg-argentina.com.ar\/sitio\/wp-content\/uploads\/2024\/02\/DJI_0016-1.jpg\" class=\"stratum-masonry-gallery__link\">\n\t\t\t                <div class=\"stratum-masonry-gallery__image\">\n                \t<figure>\n                   \t\t<img fetchpriority=\"high\" decoding=\"async\" width=\"1100\" height=\"619\" class=\"wp-image-21000\" alt=\"\" src=\"https:\/\/zmg-argentina.com.ar\/sitio\/wp-content\/uploads\/2024\/02\/DJI_0016-1.jpg\" srcset=\"https:\/\/zmg-argentina.com.ar\/sitio\/wp-content\/uploads\/2024\/02\/DJI_0016-1.jpg 1100w, https:\/\/zmg-argentina.com.ar\/sitio\/wp-content\/uploads\/2024\/02\/DJI_0016-1-300x169.jpg 300w, https:\/\/zmg-argentina.com.ar\/sitio\/wp-content\/uploads\/2024\/02\/DJI_0016-1-1024x576.jpg 1024w, https:\/\/zmg-argentina.com.ar\/sitio\/wp-content\/uploads\/2024\/02\/DJI_0016-1-768x432.jpg 768w\">                \t<\/figure>\n                <\/div>\n                <div class=\"stratum-masonry-gallery__overlay\"><\/div>\n            <\/a>\n        <\/div>\n\t\t\t<div class=\"stratum-masonry-gallery__item masonry-item\">\n\t\t\t\t\t\t\t<a data-elementor-open-lightbox=\"default\" data-elementor-lightbox-slideshow=\"gallery-6a010f6c138c1\" href=\"https:\/\/zmg-argentina.com.ar\/sitio\/wp-content\/uploads\/2024\/02\/DJI_0011.jpg\" class=\"stratum-masonry-gallery__link\">\n\t\t\t                <div class=\"stratum-masonry-gallery__image\">\n                \t<figure>\n                   \t\t<img decoding=\"async\" width=\"1100\" height=\"619\" class=\"wp-image-21001\" alt=\"\" src=\"https:\/\/zmg-argentina.com.ar\/sitio\/wp-content\/uploads\/2024\/02\/DJI_0011.jpg\" srcset=\"https:\/\/zmg-argentina.com.ar\/sitio\/wp-content\/uploads\/2024\/02\/DJI_0011.jpg 1100w, https:\/\/zmg-argentina.com.ar\/sitio\/wp-content\/uploads\/2024\/02\/DJI_0011-300x169.jpg 300w, https:\/\/zmg-argentina.com.ar\/sitio\/wp-content\/uploads\/2024\/02\/DJI_0011-1024x576.jpg 1024w, https:\/\/zmg-argentina.com.ar\/sitio\/wp-content\/uploads\/2024\/02\/DJI_0011-768x432.jpg 768w\">                \t<\/figure>\n                <\/div>\n                <div class=\"stratum-masonry-gallery__overlay\"><\/div>\n            <\/a>\n        <\/div>\n\t\t\t<div class=\"stratum-masonry-gallery__item masonry-item\">\n\t\t\t\t\t\t\t<a data-elementor-open-lightbox=\"default\" data-elementor-lightbox-slideshow=\"gallery-6a010f6c138c1\" href=\"https:\/\/zmg-argentina.com.ar\/sitio\/wp-content\/uploads\/2024\/02\/DJI_0017.jpg\" class=\"stratum-masonry-gallery__link\">\n\t\t\t                <div class=\"stratum-masonry-gallery__image\">\n                \t<figure>\n                   \t\t<img decoding=\"async\" width=\"1100\" height=\"619\" class=\"wp-image-21002\" alt=\"\" src=\"https:\/\/zmg-argentina.com.ar\/sitio\/wp-content\/uploads\/2024\/02\/DJI_0017.jpg\" srcset=\"https:\/\/zmg-argentina.com.ar\/sitio\/wp-content\/uploads\/2024\/02\/DJI_0017.jpg 1100w, https:\/\/zmg-argentina.com.ar\/sitio\/wp-content\/uploads\/2024\/02\/DJI_0017-300x169.jpg 300w, https:\/\/zmg-argentina.com.ar\/sitio\/wp-content\/uploads\/2024\/02\/DJI_0017-1024x576.jpg 1024w, https:\/\/zmg-argentina.com.ar\/sitio\/wp-content\/uploads\/2024\/02\/DJI_0017-768x432.jpg 768w\">                \t<\/figure>\n                <\/div>\n                <div class=\"stratum-masonry-gallery__overlay\"><\/div>\n            <\/a>\n        <\/div>\n\t\t\t<div class=\"stratum-masonry-gallery__item masonry-item\">\n\t\t\t\t\t\t\t<a data-elementor-open-lightbox=\"default\" data-elementor-lightbox-slideshow=\"gallery-6a010f6c138c1\" href=\"https:\/\/zmg-argentina.com.ar\/sitio\/wp-content\/uploads\/2024\/02\/DJI_0019.jpg\" class=\"stratum-masonry-gallery__link\">\n\t\t\t                <div class=\"stratum-masonry-gallery__image\">\n                \t<figure>\n                   \t\t<img loading=\"lazy\" decoding=\"async\" width=\"1100\" height=\"619\" class=\"wp-image-21003\" alt=\"\" src=\"https:\/\/zmg-argentina.com.ar\/sitio\/wp-content\/uploads\/2024\/02\/DJI_0019.jpg\" srcset=\"https:\/\/zmg-argentina.com.ar\/sitio\/wp-content\/uploads\/2024\/02\/DJI_0019.jpg 1100w, https:\/\/zmg-argentina.com.ar\/sitio\/wp-content\/uploads\/2024\/02\/DJI_0019-300x169.jpg 300w, https:\/\/zmg-argentina.com.ar\/sitio\/wp-content\/uploads\/2024\/02\/DJI_0019-1024x576.jpg 1024w, https:\/\/zmg-argentina.com.ar\/sitio\/wp-content\/uploads\/2024\/02\/DJI_0019-768x432.jpg 768w\">                \t<\/figure>\n                <\/div>\n                <div class=\"stratum-masonry-gallery__overlay\"><\/div>\n            <\/a>\n        <\/div>\n\t\t\t<div class=\"stratum-masonry-gallery__item masonry-item\">\n\t\t\t\t\t\t\t<a data-elementor-open-lightbox=\"default\" data-elementor-lightbox-slideshow=\"gallery-6a010f6c138c1\" href=\"https:\/\/zmg-argentina.com.ar\/sitio\/wp-content\/uploads\/2024\/02\/DJI_0026.jpg\" class=\"stratum-masonry-gallery__link\">\n\t\t\t                <div class=\"stratum-masonry-gallery__image\">\n                \t<figure>\n                   \t\t<img loading=\"lazy\" decoding=\"async\" width=\"1100\" height=\"619\" class=\"wp-image-21004\" alt=\"\" src=\"https:\/\/zmg-argentina.com.ar\/sitio\/wp-content\/uploads\/2024\/02\/DJI_0026.jpg\" srcset=\"https:\/\/zmg-argentina.com.ar\/sitio\/wp-content\/uploads\/2024\/02\/DJI_0026.jpg 1100w, https:\/\/zmg-argentina.com.ar\/sitio\/wp-content\/uploads\/2024\/02\/DJI_0026-300x169.jpg 300w, https:\/\/zmg-argentina.com.ar\/sitio\/wp-content\/uploads\/2024\/02\/DJI_0026-1024x576.jpg 1024w, https:\/\/zmg-argentina.com.ar\/sitio\/wp-content\/uploads\/2024\/02\/DJI_0026-768x432.jpg 768w\">                \t<\/figure>\n                <\/div>\n                <div class=\"stratum-masonry-gallery__overlay\"><\/div>\n            <\/a>\n        <\/div>\n\t\t\t<div class=\"stratum-masonry-gallery__item masonry-item\">\n\t\t\t\t\t\t\t<a data-elementor-open-lightbox=\"default\" data-elementor-lightbox-slideshow=\"gallery-6a010f6c138c1\" href=\"https:\/\/zmg-argentina.com.ar\/sitio\/wp-content\/uploads\/2024\/02\/DSC_6557-1.jpg\" class=\"stratum-masonry-gallery__link\">\n\t\t\t                <div class=\"stratum-masonry-gallery__image\">\n                \t<figure>\n                   \t\t<img loading=\"lazy\" decoding=\"async\" width=\"1100\" height=\"620\" class=\"wp-image-21011\" alt=\"\" src=\"https:\/\/zmg-argentina.com.ar\/sitio\/wp-content\/uploads\/2024\/02\/DSC_6557-1.jpg\" srcset=\"https:\/\/zmg-argentina.com.ar\/sitio\/wp-content\/uploads\/2024\/02\/DSC_6557-1.jpg 1100w, https:\/\/zmg-argentina.com.ar\/sitio\/wp-content\/uploads\/2024\/02\/DSC_6557-1-300x169.jpg 300w, https:\/\/zmg-argentina.com.ar\/sitio\/wp-content\/uploads\/2024\/02\/DSC_6557-1-1024x577.jpg 1024w, https:\/\/zmg-argentina.com.ar\/sitio\/wp-content\/uploads\/2024\/02\/DSC_6557-1-768x433.jpg 768w\">                \t<\/figure>\n                <\/div>\n                <div class=\"stratum-masonry-gallery__overlay\"><\/div>\n            <\/a>\n        <\/div>\n\t<\/div>\n\t\t\t\t<\/div>\n\t\t\t\t<\/div>\n\t\t\t\t<div class=\"elementor-element elementor-element-33e93e5 elementor-widget elementor-widget-text-editor\" data-id=\"33e93e5\" data-element_type=\"widget\" data-e-type=\"widget\" data-widget_type=\"text-editor.default\">\n\t\t\t\t<div class=\"elementor-widget-container\">\n\t\t\t\t\t\t\t\t\t<p>En Octubre de 2014, a trav\u00e9s de ZMG Argentina, nace\u00a0<strong>Liftingmach S.A.<\/strong>, la\u00a0<strong><em>primera F\u00e1brica de Autoelevadores de Argentina,<\/em><\/strong>\u00a0un proyecto creado en consenso con la\u00a0<em>Pol\u00edtica de Integraci\u00f3n Nacional y con el apoyo del Gobierno de la Provincia de C\u00f3rdoba<\/em>.<\/p><p>La\u00a0<strong>f\u00e1brica<\/strong>\u00a0se radic\u00f3 en el\u00a0<strong>Parque Industrial Leonardo Da Vinci<\/strong>\u00a0de la ciudad de<strong>\u00a0R\u00edo Tercero<\/strong>, y fue construida sobre un predio de m\u00e1s de 10 mil mts2. En la actualidad cuenta con 2.400 mts2 de naves industriales, 300 mts2 de oficinas t\u00e9cnicas y administrativas; 2.800 mts2 de calles de comunicaci\u00f3n internas con playas de carga y descarga hormigonadas. Adem\u00e1s, posee una L\u00ednea de Fabricaci\u00f3n de \u00faltima generaci\u00f3n, cabina de pintura, testeo y control de calidad que garantizan confiabilidad y niveles de excelencia de categor\u00eda mundial.<\/p><p>En Noviembre de 2014 logramos la designaci\u00f3n de <strong>Fabricante Nacional<\/strong> por la Direcci\u00f3n Nacional de los Registros de Propiedad del Automotor. Condecorando as\u00ed, el equipo LiuGong CPCD 25 Diesel, como el <strong>primer Autoelevador<\/strong> de fabricaci\u00f3n nacional.<\/p><p>En el 2024\u00a0 celebramos los <strong>10 a\u00f1os de trayectoria de la fabrica en Argentina<\/strong>. Gracias al esfuerzo y a cada uno de los clientes que nos eligen, hemos logrado alcanzar ampliamente nuestros objetivos, llegando a producir m\u00e1s de 5.000 unidades, no solo Diesel, sino tambi\u00e9n Nafta\/Gas, y as\u00ed poder afianzarnos en el sector como los \u00fanicos de fabricaci\u00f3n nacional, gracias a los m\u00e1s de 30 proveedores de todo el pa\u00eds.<\/p>\t\t\t\t\t\t\t\t<\/div>\n\t\t\t\t<\/div>\n\t\t\t\t<div class=\"elementor-element elementor-element-4088d79 elementor-widget elementor-widget-video\" data-id=\"4088d79\" data-element_type=\"widget\" data-e-type=\"widget\" data-settings=\"{&quot;youtube_url&quot;:&quot;https:\\\/\\\/www.youtube.com\\\/watch?v=gQxDgHaYZ3k&quot;,&quot;loop&quot;:&quot;yes&quot;,&quot;show_image_overlay&quot;:&quot;yes&quot;,&quot;image_overlay&quot;:{&quot;url&quot;:&quot;https:\\\/\\\/zmg-argentina.com.ar\\\/sitio\\\/wp-content\\\/uploads\\\/2025\\\/01\\\/DSC_4845.jpg&quot;,&quot;id&quot;:25825,&quot;size&quot;:&quot;&quot;,&quot;alt&quot;:&quot;&quot;,&quot;source&quot;:&quot;library&quot;},&quot;video_type&quot;:&quot;youtube&quot;,&quot;controls&quot;:&quot;yes&quot;}\" data-widget_type=\"video.default\">\n\t\t\t\t<div class=\"elementor-widget-container\">\n\t\t\t\t\t\t\t<div class=\"elementor-wrapper elementor-open-inline\">\n\t\t\t<div class=\"elementor-video\"><\/div>\t\t\t\t<div class=\"elementor-custom-embed-image-overlay\" style=\"background-image: url(https:\/\/zmg-argentina.com.ar\/sitio\/wp-content\/uploads\/2025\/01\/DSC_4845.jpg);\">\n\t\t\t\t\t\t\t\t\t\t\t\t\t\t\t\t<div class=\"elementor-custom-embed-play\" role=\"button\" aria-label=\"Reproducir v\u00eddeo\" tabindex=\"0\">\n\t\t\t\t\t\t\t<i aria-hidden=\"true\" class=\"eicon-play\"><\/i>\t\t\t\t\t\t<\/div>\n\t\t\t\t\t\t\t\t\t<\/div>\n\t\t\t\t\t<\/div>\n\t\t\t\t\t\t<\/div>\n\t\t\t\t<\/div>\n\t\t\t\t\t<\/div>\n\t\t<\/div>\n\t\t\t\t\t<\/div>\n\t\t<\/section>\n\t\t\t\t<section class=\"elementor-section elementor-top-section elementor-element elementor-element-9e2fc49 elementor-section-boxed elementor-section-height-default elementor-section-height-default\" data-id=\"9e2fc49\" data-element_type=\"section\" data-e-type=\"section\" data-settings=\"{&quot;background_background&quot;:&quot;classic&quot;}\">\n\t\t\t\t\t\t\t<div class=\"elementor-background-overlay\"><\/div>\n\t\t\t\t\t\t\t<div class=\"elementor-container elementor-column-gap-default\">\n\t\t\t\t\t<div class=\"elementor-column elementor-col-100 elementor-top-column elementor-element elementor-element-ea27932\" data-id=\"ea27932\" data-element_type=\"column\" data-e-type=\"column\">\n\t\t\t<div class=\"elementor-widget-wrap elementor-element-populated\">\n\t\t\t\t\t\t<div class=\"elementor-element elementor-element-fdcbbd1 elementor-widget elementor-widget-text-editor\" data-id=\"fdcbbd1\" data-element_type=\"widget\" data-e-type=\"widget\" data-widget_type=\"text-editor.default\">\n\t\t\t\t<div class=\"elementor-widget-container\">\n\t\t\t\t\t\t\t\t\t<p>Para consultas, contactate con un asesor de f\u00e1brica<\/p>\t\t\t\t\t\t\t\t<\/div>\n\t\t\t\t<\/div>\n\t\t\t\t<div class=\"elementor-element elementor-element-e4f0c3e elementor-widget-divider--view-line elementor-widget elementor-widget-divider\" data-id=\"e4f0c3e\" data-element_type=\"widget\" data-e-type=\"widget\" data-widget_type=\"divider.default\">\n\t\t\t\t<div class=\"elementor-widget-container\">\n\t\t\t\t\t\t\t<div class=\"elementor-divider\">\n\t\t\t<span class=\"elementor-divider-separator\">\n\t\t\t\t\t\t<\/span>\n\t\t<\/div>\n\t\t\t\t\t\t<\/div>\n\t\t\t\t<\/div>\n\t\t\t\t<div class=\"elementor-element elementor-element-6a5cc8e elementor-invisible elementor-widget elementor-widget-shortcode\" data-id=\"6a5cc8e\" data-element_type=\"widget\" data-e-type=\"widget\" data-settings=\"{&quot;_animation&quot;:&quot;fadeIn&quot;}\" data-widget_type=\"shortcode.default\">\n\t\t\t\t<div class=\"elementor-widget-container\">\n\t\t\t\t\t\t\t<div class=\"elementor-shortcode\">\n<div class=\"wpcf7 no-js\" id=\"wpcf7-f21018-o1\" lang=\"es-AR\" dir=\"ltr\" data-wpcf7-id=\"21018\">\n<div class=\"screen-reader-response\"><p role=\"status\" aria-live=\"polite\" aria-atomic=\"true\"><\/p> <ul><\/ul><\/div>\n<form action=\"\/sitio\/index.php\/wp-json\/wp\/v2\/pages\/20958#wpcf7-f21018-o1\" method=\"post\" class=\"wpcf7-form init\" aria-label=\"Formulario de contacto\" novalidate=\"novalidate\" data-status=\"init\">\n<fieldset class=\"hidden-fields-container\"><input type=\"hidden\" name=\"_wpcf7\" value=\"21018\" \/><input type=\"hidden\" name=\"_wpcf7_version\" value=\"6.1.5\" \/><input type=\"hidden\" name=\"_wpcf7_locale\" value=\"es_AR\" \/><input type=\"hidden\" name=\"_wpcf7_unit_tag\" value=\"wpcf7-f21018-o1\" \/><input type=\"hidden\" name=\"_wpcf7_container_post\" value=\"0\" \/><input type=\"hidden\" name=\"_wpcf7_posted_data_hash\" value=\"\" \/><input type=\"hidden\" name=\"_wpcf7_recaptcha_response\" value=\"\" \/>\n<\/fieldset>\n<div class=\"uacf7-form-wrapper-container uacf7-form-21018  \"><label style=\"font-size:16px; font-family:roboto; font-weight:400; color:#D9DDE1; line-height: 1.1; padding:0px;\"> \n    <span class=\"wpcf7-form-control-wrap\" data-name=\"your-name\"><input size=\"40\" maxlength=\"400\" class=\"wpcf7-form-control wpcf7-text wpcf7-validates-as-required\" aria-required=\"true\" aria-invalid=\"false\" placeholder=\"Nombre\" value=\"\" type=\"text\" name=\"your-name\" \/><\/span> <\/label>\n\n<div class=\"uacf7-row\"><div class=\"uacf7-col-6\"> <label style=\"font-size:16px; font-family:roboto; font-weight:400; color:#3C3C3B; line-height: 1.1; padding:0px;\"> \n\n    <span class=\"wpcf7-form-control-wrap\" data-name=\"your-email\"><input size=\"40\" maxlength=\"400\" class=\"wpcf7-form-control wpcf7-email wpcf7-validates-as-required wpcf7-text wpcf7-validates-as-email\" aria-required=\"true\" aria-invalid=\"false\" placeholder=\"Email\" value=\"\" type=\"email\" name=\"your-email\" \/><\/span> <\/label> <\/div><div class=\"uacf7-col-6\"> <label style=\"font-size:16px; font-family:roboto; font-weight:400; color:#3C3C3B; line-height: 1.1; padding:0px;\"> <span class=\"wpcf7-form-control-wrap\" data-name=\"localidad\"><input size=\"40\" maxlength=\"400\" class=\"wpcf7-form-control wpcf7-text wpcf7-validates-as-required\" aria-required=\"true\" aria-invalid=\"false\" placeholder=\"Localidad\" value=\"\" type=\"text\" name=\"localidad\" \/><\/span> <\/label> <\/div><\/div>\n\n\n<div class=\"uacf7-row\"><div class=\"uacf7-col-12\"> <label style=\"font-size:16px; font-family:roboto; font-weight:400; color:#3C3C3B; line-height: 1.1; padding:0px;\"> \n\n\n<label style=\"font-size:16px; font-family:roboto; font-weight:400; color:#3C3C3B; line-height: 1.1;padding-left:0px;\"> <span class=\"wpcf7-form-control-wrap\" data-name=\"your-message\"><textarea cols=\"10\" rows=\"4\" maxlength=\"2000\" class=\"wpcf7-form-control wpcf7-textarea wpcf7-validates-as-required\" aria-required=\"true\" aria-invalid=\"false\" placeholder=\"Detallanos tu consulta\" name=\"your-message\"><\/textarea><\/span> <\/label>\n \n<div class=\"uacf7-row\"><div class=\"uacf7-col-3\"> <label style=\"font-size:16px; font-family:roboto; font-weight:400; color:#3C3C3B; line-height: 1.1; padding:0px;\"> \n\n<input class=\"wpcf7-form-control wpcf7-submit has-spinner\" type=\"submit\" value=\"Enviar\" \/><\/div><div class=\"wpcf7-response-output\" aria-hidden=\"true\"><\/div>\n<\/form>\n<\/div>\n<\/div>\n\t\t\t\t\t\t<\/div>\n\t\t\t\t<\/div>\n\t\t\t\t\t<\/div>\n\t\t<\/div>\n\t\t\t\t\t<\/div>\n\t\t<\/section>\n\t\t\t\t<\/div>\n\t\t","protected":false},"excerpt":{"rendered":"<p>LIFTINGMACH \u00danica fabrica de Autoelevadores en Argentina En Octubre de 2014, a trav\u00e9s de ZMG Argentina, nace\u00a0Liftingmach S.A., la\u00a0primera F\u00e1brica de Autoelevadores de Argentina,\u00a0un proyecto creado en consenso con la\u00a0Pol\u00edtica de Integraci\u00f3n Nacional y con el apoyo del Gobierno de la Provincia de C\u00f3rdoba. La\u00a0f\u00e1brica\u00a0se radic\u00f3 en el\u00a0Parque Industrial Leonardo Da Vinci\u00a0de la ciudad de\u00a0R\u00edo [&hellip;]<\/p>\n","protected":false},"author":1,"featured_media":0,"parent":0,"menu_order":0,"comment_status":"closed","ping_status":"closed","template":"","meta":{"_uag_custom_page_level_css":"","site-sidebar-layout":"no-sidebar","site-content-layout":"page-builder","ast-site-content-layout":"default","site-content-style":"default","site-sidebar-style":"default","ast-global-header-display":"","ast-banner-title-visibility":"","ast-main-header-display":"","ast-hfb-above-header-display":"","ast-hfb-below-header-display":"","ast-hfb-mobile-header-display":"","site-post-title":"disabled","ast-breadcrumbs-content":"","ast-featured-img":"disabled","footer-sml-layout":"","theme-transparent-header-meta":"default","adv-header-id-meta":"","stick-header-meta":"","header-above-stick-meta":"","header-main-stick-meta":"","header-below-stick-meta":"","astra-migrate-meta-layouts":"default","ast-page-background-enabled":"default","ast-page-background-meta":{"desktop":{"background-color":"","background-image":"","background-repeat":"repeat","background-position":"center center","background-size":"auto","background-attachment":"scroll","background-type":"","background-media":"","overlay-type":"","overlay-color":"","overlay-opacity":"","overlay-gradient":""},"tablet":{"background-color":"","background-image":"","background-repeat":"repeat","background-position":"center center","background-size":"auto","background-attachment":"scroll","background-type":"","background-media":"","overlay-type":"","overlay-color":"","overlay-opacity":"","overlay-gradient":""},"mobile":{"background-color":"","background-image":"","background-repeat":"repeat","background-position":"center center","background-size":"auto","background-attachment":"scroll","background-type":"","background-media":"","overlay-type":"","overlay-color":"","overlay-opacity":"","overlay-gradient":""}},"ast-content-background-meta":{"desktop":{"background-color":"var(--ast-global-color-5)","background-image":"","background-repeat":"repeat","background-position":"center center","background-size":"auto","background-attachment":"scroll","background-type":"","background-media":"","overlay-type":"","overlay-color":"","overlay-opacity":"","overlay-gradient":""},"tablet":{"background-color":"var(--ast-global-color-5)","background-image":"","background-repeat":"repeat","background-position":"center center","background-size":"auto","background-attachment":"scroll","background-type":"","background-media":"","overlay-type":"","overlay-color":"","overlay-opacity":"","overlay-gradient":""},"mobile":{"background-color":"var(--ast-global-color-5)","background-image":"","background-repeat":"repeat","background-position":"center center","background-size":"auto","background-attachment":"scroll","background-type":"","background-media":"","overlay-type":"","overlay-color":"","overlay-opacity":"","overlay-gradient":""}},"_joinchat":[],"footnotes":""},"class_list":["post-20958","page","type-page","status-publish","hentry"],"uagb_featured_image_src":{"full":false,"thumbnail":false,"medium":false,"medium_large":false,"large":false,"1536x1536":false,"2048x2048":false},"uagb_author_info":{"display_name":"admin","author_link":"https:\/\/zmg-argentina.com.ar\/sitio\/index.php\/author\/zmgargen\/"},"uagb_comment_info":0,"uagb_excerpt":"LIFTINGMACH \u00danica fabrica de Autoelevadores en Argentina En Octubre de 2014, a trav\u00e9s de ZMG Argentina, nace\u00a0Liftingmach S.A., la\u00a0primera F\u00e1brica de Autoelevadores de Argentina,\u00a0un proyecto creado en consenso con la\u00a0Pol\u00edtica de Integraci\u00f3n Nacional y con el apoyo del Gobierno de la Provincia de C\u00f3rdoba. La\u00a0f\u00e1brica\u00a0se radic\u00f3 en el\u00a0Parque Industrial Leonardo Da Vinci\u00a0de la ciudad de\u00a0R\u00edo&hellip;","_links":{"self":[{"href":"https:\/\/zmg-argentina.com.ar\/sitio\/index.php\/wp-json\/wp\/v2\/pages\/20958","targetHints":{"allow":["GET"]}}],"collection":[{"href":"https:\/\/zmg-argentina.com.ar\/sitio\/index.php\/wp-json\/wp\/v2\/pages"}],"about":[{"href":"https:\/\/zmg-argentina.com.ar\/sitio\/index.php\/wp-json\/wp\/v2\/types\/page"}],"author":[{"embeddable":true,"href":"https:\/\/zmg-argentina.com.ar\/sitio\/index.php\/wp-json\/wp\/v2\/users\/1"}],"replies":[{"embeddable":true,"href":"https:\/\/zmg-argentina.com.ar\/sitio\/index.php\/wp-json\/wp\/v2\/comments?post=20958"}],"version-history":[{"count":53,"href":"https:\/\/zmg-argentina.com.ar\/sitio\/index.php\/wp-json\/wp\/v2\/pages\/20958\/revisions"}],"predecessor-version":[{"id":25840,"href":"https:\/\/zmg-argentina.com.ar\/sitio\/index.php\/wp-json\/wp\/v2\/pages\/20958\/revisions\/25840"}],"wp:attachment":[{"href":"https:\/\/zmg-argentina.com.ar\/sitio\/index.php\/wp-json\/wp\/v2\/media?parent=20958"}],"curies":[{"name":"wp","href":"https:\/\/api.w.org\/{rel}","templated":true}]}}